{"id":1190,"date":"2026-01-02T08:33:03","date_gmt":"2026-01-02T08:33:03","guid":{"rendered":"https:\/\/www.mypixelforge.com\/?page_id=1190"},"modified":"2026-03-10T11:46:05","modified_gmt":"2026-03-10T11:46:05","slug":"impressum","status":"publish","type":"page","link":"https:\/\/www.mypixelforge.com\/en\/impressum\/","title":{"rendered":"Impressum"},"content":{"rendered":"<div data-elementor-type=\"wp-page\" data-elementor-id=\"1190\" class=\"elementor elementor-1190\" data-elementor-post-type=\"page\">\n\t\t\t\t<div class=\"elementor-element elementor-element-8d24d0e e-flex e-con-boxed e-con e-parent\" data-id=\"8d24d0e\" data-element_type=\"container\" data-e-type=\"container\">\n\t\t\t\t\t<div class=\"e-con-inner\">\n\t\t\t\t<div class=\"elementor-element elementor-element-fe60c19 elementor-widget elementor-widget-text-editor\" data-id=\"fe60c19\" data-element_type=\"widget\" data-e-type=\"widget\" data-widget_type=\"text-editor.default\">\n\t\t\t\t<div class=\"elementor-widget-container\">\n\t\t\t\t\t\t\t\t\t<p data-start=\"213\" data-end=\"238\"><strong data-start=\"213\" data-end=\"238\">Angaben gem\u00e4\u00df \u00a7 5 TMG<\/strong><\/p><p data-start=\"240\" data-end=\"320\">My Pixel Forge<br data-start=\"254\" data-end=\"257\" \/>Jan Werle<br data-start=\"266\" data-end=\"269\" \/>Raiffeisenstra\u00dfe 8<br data-start=\"287\" data-end=\"290\" \/>76863 Herxheim<br data-start=\"304\" data-end=\"307\" \/>Deutschland<\/p><p data-start=\"322\" data-end=\"368\"><strong data-start=\"322\" data-end=\"333\">Kontakt<\/strong><br data-start=\"333\" data-end=\"336\" \/>E-Mail: jan@mypixelforge.com<\/p><hr data-start=\"370\" data-end=\"373\" \/><h3 data-start=\"375\" data-end=\"400\">Haftung f\u00fcr Inhalte<\/h3><p data-start=\"401\" data-end=\"758\">Als Diensteanbieter bin ich gem\u00e4\u00df \u00a7 7 Abs.1 TMG f\u00fcr eigene Inhalte auf diesen Seiten nach den allgemeinen Gesetzen verantwortlich.<br data-start=\"531\" data-end=\"534\" \/>Nach \u00a7\u00a7 8 bis 10 TMG bin ich als Diensteanbieter jedoch nicht verpflichtet, \u00fcbermittelte oder gespeicherte fremde Informationen zu \u00fcberwachen oder nach Umst\u00e4nden zu forschen, die auf eine rechtswidrige T\u00e4tigkeit hinweisen.<\/p><p data-start=\"760\" data-end=\"1111\">Verpflichtungen zur Entfernung oder Sperrung der Nutzung von Informationen nach den allgemeinen Gesetzen bleiben hiervon unber\u00fchrt.<br data-start=\"891\" data-end=\"894\" \/>Eine diesbez\u00fcgliche Haftung ist jedoch erst ab dem Zeitpunkt der Kenntnis einer konkreten Rechtsverletzung m\u00f6glich.<br data-start=\"1009\" data-end=\"1012\" \/>Bei Bekanntwerden von entsprechenden Rechtsverletzungen werde ich diese Inhalte umgehend entfernen.<\/p><hr data-start=\"1113\" data-end=\"1116\" \/><h3 data-start=\"1118\" data-end=\"1141\">Haftung f\u00fcr Links<\/h3><p data-start=\"1142\" data-end=\"1320\">Diese Website enth\u00e4lt Links zu externen Websites Dritter, auf deren Inhalte ich keinen Einfluss habe.<br data-start=\"1243\" data-end=\"1246\" \/>Deshalb kann ich f\u00fcr diese fremden Inhalte auch keine Gew\u00e4hr \u00fcbernehmen.<\/p><p data-start=\"1322\" data-end=\"1611\">F\u00fcr die Inhalte der verlinkten Seiten ist stets der jeweilige Anbieter oder Betreiber der Seiten verantwortlich.<br data-start=\"1434\" data-end=\"1437\" \/>Die verlinkten Seiten wurden zum Zeitpunkt der Verlinkung auf m\u00f6gliche Rechtsverst\u00f6\u00dfe \u00fcberpr\u00fcft.<br data-start=\"1533\" data-end=\"1536\" \/>Rechtswidrige Inhalte waren zum Zeitpunkt der Verlinkung nicht erkennbar.<\/p><p data-start=\"1613\" data-end=\"1839\">Eine permanente inhaltliche Kontrolle der verlinkten Seiten ist jedoch ohne konkrete Anhaltspunkte einer Rechtsverletzung nicht zumutbar.<br data-start=\"1750\" data-end=\"1753\" \/>Bei Bekanntwerden von Rechtsverletzungen werde ich derartige Links umgehend entfernen.<\/p><hr data-start=\"1841\" data-end=\"1844\" \/><h3 data-start=\"1846\" data-end=\"1864\">Urheberrecht<\/h3><p data-start=\"1865\" data-end=\"2178\">Die durch den Seitenbetreiber erstellten Inhalte und Werke auf diesen Seiten unterliegen dem deutschen Urheberrecht.<br data-start=\"1981\" data-end=\"1984\" \/>Die Vervielf\u00e4ltigung, Bearbeitung, Verbreitung und jede Art der Verwertung au\u00dferhalb der Grenzen des Urheberrechtes bed\u00fcrfen der schriftlichen Zustimmung des jeweiligen Autors bzw. Erstellers.<\/p><p data-start=\"2180\" data-end=\"2465\">Downloads und Kopien dieser Seite sind nur f\u00fcr den privaten, nicht kommerziellen Gebrauch gestattet.<br data-start=\"2280\" data-end=\"2283\" \/>Soweit die Inhalte auf dieser Seite nicht vom Betreiber erstellt wurden, werden die Urheberrechte Dritter beachtet.<br data-start=\"2398\" data-end=\"2401\" \/>Insbesondere werden Inhalte Dritter als solche gekennzeichnet.<\/p><p data-start=\"2467\" data-end=\"2673\">Sollten Sie trotzdem auf eine Urheberrechtsverletzung aufmerksam werden, bitte ich um einen entsprechenden Hinweis.<br data-start=\"2582\" data-end=\"2585\" \/>Bei Bekanntwerden von Rechtsverletzungen werde ich derartige Inhalte umgehend entfernen.<\/p><hr data-start=\"2675\" data-end=\"2678\" \/><h3 data-start=\"2680\" data-end=\"2735\">Online-Streitbeilegung<\/h3><p data-start=\"2736\" data-end=\"2863\">Die Europ\u00e4ische Kommission stellt eine Plattform zur Online-Streitbeilegung (OS) bereit:<br data-start=\"2824\" data-end=\"2827\" \/><a class=\"decorated-link cursor-pointer\" target=\"_new\" rel=\"noopener\" data-start=\"2827\" data-end=\"2861\">https:\/\/ec.europa.eu\/consumers\/odr<\/a><\/p><p data-start=\"2865\" data-end=\"2992\">Ich bin nicht verpflichtet und nicht bereit, an Streitbeilegungsverfahren vor einer Verbraucherschlichtungsstelle teilzunehmen.<\/p>\t\t\t\t\t\t\t\t<\/div>\n\t\t\t\t<\/div>\n\t\t\t\t\t<\/div>\n\t\t\t\t<\/div>\n\t\t\t\t<\/div>","protected":false},"excerpt":{"rendered":"<p>Angaben gem\u00e4\u00df \u00a7 5 TMG My Pixel ForgeJan WerleRaiffeisenstra\u00dfe 876863 HerxheimDeutschland KontaktE-Mail: jan@mypixelforge.com Haftung f\u00fcr Inhalte Als Diensteanbieter bin ich gem\u00e4\u00df \u00a7 7 Abs.1 TMG f\u00fcr eigene Inhalte auf diesen Seiten nach den allgemeinen Gesetzen verantwortlich.Nach \u00a7\u00a7 8 bis 10 TMG bin ich als Diensteanbieter jedoch nicht verpflichtet, \u00fcbermittelte oder gespeicherte fremde Informationen zu \u00fcberwachen [&hellip;]<\/p>\n","protected":false},"author":1,"featured_media":0,"parent":0,"menu_order":0,"comment_status":"closed","ping_status":"closed","template":"","meta":{"_acf_changed":false,"footnotes":""},"class_list":["post-1190","page","type-page","status-publish","hentry"],"acf":[],"yoast_head":"<!-- This site is optimized with the Yoast SEO plugin v27.0 - https:\/\/yoast.com\/product\/yoast-seo-wordpress\/ -->\n<title>Impressum | My Pixel Forge<\/title>\n<meta name=\"robots\" content=\"noindex, nofollow\" \/>\n<meta property=\"og:locale\" content=\"en_US\" \/>\n<meta property=\"og:type\" content=\"article\" \/>\n<meta property=\"og:title\" content=\"Impressum | My Pixel Forge\" \/>\n<meta property=\"og:description\" content=\"Angaben gem\u00e4\u00df \u00a7 5 TMG My Pixel ForgeJan WerleRaiffeisenstra\u00dfe 876863 HerxheimDeutschland KontaktE-Mail: jan@mypixelforge.com Haftung f\u00fcr Inhalte Als Diensteanbieter bin ich gem\u00e4\u00df \u00a7 7 Abs.1 TMG f\u00fcr eigene Inhalte auf diesen Seiten nach den allgemeinen Gesetzen verantwortlich.Nach \u00a7\u00a7 8 bis 10 TMG bin ich als Diensteanbieter jedoch nicht verpflichtet, \u00fcbermittelte oder gespeicherte fremde Informationen zu \u00fcberwachen [&hellip;]\" \/>\n<meta property=\"og:url\" content=\"https:\/\/www.mypixelforge.com\/en\/impressum\/\" \/>\n<meta property=\"og:site_name\" content=\"My Pixel Forge\" \/>\n<meta property=\"article:modified_time\" content=\"2026-03-10T11:46:05+00:00\" \/>\n<meta name=\"twitter:card\" content=\"summary_large_image\" \/>\n<meta name=\"twitter:label1\" content=\"Est. reading time\" \/>\n\t<meta name=\"twitter:data1\" content=\"2 minutes\" \/>\n<script type=\"application\/ld+json\" class=\"yoast-schema-graph\">{\"@context\":\"https:\/\/schema.org\",\"@graph\":[{\"@type\":\"WebPage\",\"@id\":\"https:\/\/www.mypixelforge.com\/impressum\/\",\"url\":\"https:\/\/www.mypixelforge.com\/impressum\/\",\"name\":\"Impressum | My Pixel Forge\",\"isPartOf\":{\"@id\":\"https:\/\/www.mypixelforge.com\/#website\"},\"datePublished\":\"2026-01-02T08:33:03+00:00\",\"dateModified\":\"2026-03-10T11:46:05+00:00\",\"breadcrumb\":{\"@id\":\"https:\/\/www.mypixelforge.com\/impressum\/#breadcrumb\"},\"inLanguage\":\"en-US\",\"potentialAction\":[{\"@type\":\"ReadAction\",\"target\":[\"https:\/\/www.mypixelforge.com\/impressum\/\"]}]},{\"@type\":\"BreadcrumbList\",\"@id\":\"https:\/\/www.mypixelforge.com\/impressum\/#breadcrumb\",\"itemListElement\":[{\"@type\":\"ListItem\",\"position\":1,\"name\":\"Home\",\"item\":\"https:\/\/www.mypixelforge.com\/\"},{\"@type\":\"ListItem\",\"position\":2,\"name\":\"Impressum\"}]},{\"@type\":\"WebSite\",\"@id\":\"https:\/\/www.mypixelforge.com\/#website\",\"url\":\"https:\/\/www.mypixelforge.com\/\",\"name\":\"My Pixel Forge\",\"description\":\"Webdesign &amp; WordPress Entwicklung f\u00fcr Unternehmen\",\"publisher\":{\"@id\":\"https:\/\/www.mypixelforge.com\/#\/schema\/person\/738cbd5759970e4df77ba5085fb31581\"},\"potentialAction\":[{\"@type\":\"SearchAction\",\"target\":{\"@type\":\"EntryPoint\",\"urlTemplate\":\"https:\/\/www.mypixelforge.com\/?s={search_term_string}\"},\"query-input\":{\"@type\":\"PropertyValueSpecification\",\"valueRequired\":true,\"valueName\":\"search_term_string\"}}],\"inLanguage\":\"en-US\"},{\"@type\":[\"Person\",\"Organization\"],\"@id\":\"https:\/\/www.mypixelforge.com\/#\/schema\/person\/738cbd5759970e4df77ba5085fb31581\",\"name\":\"Jan Werle\",\"image\":{\"@type\":\"ImageObject\",\"inLanguage\":\"en-US\",\"@id\":\"https:\/\/www.mypixelforge.com\/#\/schema\/person\/image\/\",\"url\":\"https:\/\/www.mypixelforge.com\/wp-content\/uploads\/2026\/01\/okinawa-profil-neu.png\",\"contentUrl\":\"https:\/\/www.mypixelforge.com\/wp-content\/uploads\/2026\/01\/okinawa-profil-neu.png\",\"width\":1024,\"height\":1024,\"caption\":\"Jan Werle\"},\"logo\":{\"@id\":\"https:\/\/www.mypixelforge.com\/#\/schema\/person\/image\/\"},\"description\":\"Jan Werle ist Webdesigner und WordPress Entwickler aus Deutschland und der Gr\u00fcnder von My Pixel Forge. Er spezialisiert sich auf moderne Business-Websites mit Elementor, WordPress Optimierung und SEO.\",\"sameAs\":[\"https:\/\/www.mypixelforge.com\"]}]}<\/script>\n<!-- \/ Yoast SEO plugin. -->","yoast_head_json":{"title":"Impressum | My Pixel Forge","robots":{"index":"noindex","follow":"nofollow"},"og_locale":"en_US","og_type":"article","og_title":"Impressum | My Pixel Forge","og_description":"Angaben gem\u00e4\u00df \u00a7 5 TMG My Pixel ForgeJan WerleRaiffeisenstra\u00dfe 876863 HerxheimDeutschland KontaktE-Mail: jan@mypixelforge.com Haftung f\u00fcr Inhalte Als Diensteanbieter bin ich gem\u00e4\u00df \u00a7 7 Abs.1 TMG f\u00fcr eigene Inhalte auf diesen Seiten nach den allgemeinen Gesetzen verantwortlich.Nach \u00a7\u00a7 8 bis 10 TMG bin ich als Diensteanbieter jedoch nicht verpflichtet, \u00fcbermittelte oder gespeicherte fremde Informationen zu \u00fcberwachen [&hellip;]","og_url":"https:\/\/www.mypixelforge.com\/en\/impressum\/","og_site_name":"My Pixel Forge","article_modified_time":"2026-03-10T11:46:05+00:00","twitter_card":"summary_large_image","twitter_misc":{"Est. reading time":"2 minutes"},"schema":{"@context":"https:\/\/schema.org","@graph":[{"@type":"WebPage","@id":"https:\/\/www.mypixelforge.com\/impressum\/","url":"https:\/\/www.mypixelforge.com\/impressum\/","name":"Impressum | My Pixel Forge","isPartOf":{"@id":"https:\/\/www.mypixelforge.com\/#website"},"datePublished":"2026-01-02T08:33:03+00:00","dateModified":"2026-03-10T11:46:05+00:00","breadcrumb":{"@id":"https:\/\/www.mypixelforge.com\/impressum\/#breadcrumb"},"inLanguage":"en-US","potentialAction":[{"@type":"ReadAction","target":["https:\/\/www.mypixelforge.com\/impressum\/"]}]},{"@type":"BreadcrumbList","@id":"https:\/\/www.mypixelforge.com\/impressum\/#breadcrumb","itemListElement":[{"@type":"ListItem","position":1,"name":"Home","item":"https:\/\/www.mypixelforge.com\/"},{"@type":"ListItem","position":2,"name":"Impressum"}]},{"@type":"WebSite","@id":"https:\/\/www.mypixelforge.com\/#website","url":"https:\/\/www.mypixelforge.com\/","name":"My Pixel Forge","description":"Webdesign &amp; WordPress Entwicklung f\u00fcr Unternehmen","publisher":{"@id":"https:\/\/www.mypixelforge.com\/#\/schema\/person\/738cbd5759970e4df77ba5085fb31581"},"potentialAction":[{"@type":"SearchAction","target":{"@type":"EntryPoint","urlTemplate":"https:\/\/www.mypixelforge.com\/?s={search_term_string}"},"query-input":{"@type":"PropertyValueSpecification","valueRequired":true,"valueName":"search_term_string"}}],"inLanguage":"en-US"},{"@type":["Person","Organization"],"@id":"https:\/\/www.mypixelforge.com\/#\/schema\/person\/738cbd5759970e4df77ba5085fb31581","name":"Jan Werle","image":{"@type":"ImageObject","inLanguage":"en-US","@id":"https:\/\/www.mypixelforge.com\/#\/schema\/person\/image\/","url":"https:\/\/www.mypixelforge.com\/wp-content\/uploads\/2026\/01\/okinawa-profil-neu.png","contentUrl":"https:\/\/www.mypixelforge.com\/wp-content\/uploads\/2026\/01\/okinawa-profil-neu.png","width":1024,"height":1024,"caption":"Jan Werle"},"logo":{"@id":"https:\/\/www.mypixelforge.com\/#\/schema\/person\/image\/"},"description":"Jan Werle ist Webdesigner und WordPress Entwickler aus Deutschland und der Gr\u00fcnder von My Pixel Forge. Er spezialisiert sich auf moderne Business-Websites mit Elementor, WordPress Optimierung und SEO.","sameAs":["https:\/\/www.mypixelforge.com"]}]}},"_links":{"self":[{"href":"https:\/\/www.mypixelforge.com\/en\/wp-json\/wp\/v2\/pages\/1190","targetHints":{"allow":["GET"]}}],"collection":[{"href":"https:\/\/www.mypixelforge.com\/en\/wp-json\/wp\/v2\/pages"}],"about":[{"href":"https:\/\/www.mypixelforge.com\/en\/wp-json\/wp\/v2\/types\/page"}],"author":[{"embeddable":true,"href":"https:\/\/www.mypixelforge.com\/en\/wp-json\/wp\/v2\/users\/1"}],"replies":[{"embeddable":true,"href":"https:\/\/www.mypixelforge.com\/en\/wp-json\/wp\/v2\/comments?post=1190"}],"version-history":[{"count":25,"href":"https:\/\/www.mypixelforge.com\/en\/wp-json\/wp\/v2\/pages\/1190\/revisions"}],"predecessor-version":[{"id":1680,"href":"https:\/\/www.mypixelforge.com\/en\/wp-json\/wp\/v2\/pages\/1190\/revisions\/1680"}],"wp:attachment":[{"href":"https:\/\/www.mypixelforge.com\/en\/wp-json\/wp\/v2\/media?parent=1190"}],"curies":[{"name":"wp","href":"https:\/\/api.w.org\/{rel}","templated":true}]}}