{"id":1195,"date":"2026-01-02T08:39:37","date_gmt":"2026-01-02T08:39:37","guid":{"rendered":"https:\/\/www.mypixelforge.com\/?page_id=1195"},"modified":"2026-04-16T14:15:33","modified_gmt":"2026-04-16T14:15:33","slug":"datenschutzerklarung","status":"publish","type":"page","link":"https:\/\/www.mypixelforge.com\/en\/datenschutzerklarung\/","title":{"rendered":"Datenschutzerkl\u00e4rung"},"content":{"rendered":"<div data-elementor-type=\"wp-page\" data-elementor-id=\"1195\" class=\"elementor elementor-1195\" data-elementor-post-type=\"page\">\n\t\t\t\t<div class=\"elementor-element elementor-element-213320a e-flex e-con-boxed e-con e-parent\" data-id=\"213320a\" data-element_type=\"container\" data-e-type=\"container\">\n\t\t\t\t\t<div class=\"e-con-inner\">\n\t\t\t\t<div class=\"elementor-element elementor-element-698985c elementor-widget elementor-widget-text-editor\" data-id=\"698985c\" data-element_type=\"widget\" data-e-type=\"widget\" data-widget_type=\"text-editor.default\">\n\t\t\t\t<div class=\"elementor-widget-container\">\n\t\t\t\t\t\t\t\t\t<h3 data-start=\"356\" data-end=\"390\">1. Datenschutz auf einen Blick<\/h3><h4 data-start=\"392\" data-end=\"418\">Allgemeine Hinweise<\/h4><p data-start=\"419\" data-end=\"659\">Die folgenden Hinweise geben einen einfachen \u00dcberblick dar\u00fcber, was mit Ihren personenbezogenen Daten passiert, wenn Sie diese Website besuchen.<br data-start=\"563\" data-end=\"566\" \/>Personenbezogene Daten sind alle Daten, mit denen Sie pers\u00f6nlich identifiziert werden k\u00f6nnen.<\/p><h4 data-start=\"661\" data-end=\"701\">Datenerfassung auf dieser Website<\/h4><p data-start=\"702\" data-end=\"848\">Die Datenverarbeitung auf dieser Website erfolgt durch den Websitebetreiber.<br data-start=\"778\" data-end=\"781\" \/>Die Kontaktdaten k\u00f6nnen Sie dem Impressum dieser Website entnehmen.<\/p><hr data-start=\"850\" data-end=\"853\" \/><h3 data-start=\"855\" data-end=\"878\">2. Verantwortlicher<\/h3><p data-start=\"880\" data-end=\"950\"><strong data-start=\"880\" data-end=\"950\">Verantwortlicher im Sinne der Datenschutz-Grundverordnung (DSGVO):<\/strong><\/p><p data-start=\"952\" data-end=\"1032\">My Pixel Forge<br data-start=\"966\" data-end=\"969\" \/>Jan Werle<br data-start=\"978\" data-end=\"981\" \/>Raiffeisenstra\u00dfe 8<br data-start=\"999\" data-end=\"1002\" \/>76863 Herxheim<br data-start=\"1016\" data-end=\"1019\" \/>Deutschland<\/p><p data-start=\"1034\" data-end=\"1066\">E-Mail: jan@mypixelforge.com<\/p><hr data-start=\"1068\" data-end=\"1071\" \/><h3 data-start=\"1073\" data-end=\"1087\">3. Hosting<\/h3><p data-start=\"1089\" data-end=\"1435\">Diese Website wird bei einem externen Dienstleister gehostet.<br data-start=\"1150\" data-end=\"1153\" \/>Die personenbezogenen Daten, die auf dieser Website erfasst werden, werden auf den Servern des Hosters gespeichert.<br data-start=\"1268\" data-end=\"1271\" \/>Hierbei kann es sich insbesondere um IP-Adressen, Meta- und Kommunikationsdaten, Websitezugriffe und sonstige Daten handeln, die \u00fcber eine Website generiert werden.<\/p><p data-start=\"1437\" data-end=\"1682\">Der Einsatz des Hosters erfolgt zum Zwecke der Vertragserf\u00fcllung gegen\u00fcber potenziellen und bestehenden Kunden sowie im Interesse einer sicheren, schnellen und effizienten Bereitstellung meines Online-Angebots (Art. 6 Abs. 1 lit. b und f DSGVO).<\/p><hr data-start=\"1684\" data-end=\"1687\" \/><h3 data-start=\"1689\" data-end=\"1740\">4. Allgemeine Hinweise und Pflichtinformationen<\/h3><h4 data-start=\"1742\" data-end=\"1760\">Datenschutz<\/h4><p data-start=\"1761\" data-end=\"1971\">Ich nehme den Schutz Ihrer pers\u00f6nlichen Daten sehr ernst.<br data-start=\"1818\" data-end=\"1821\" \/>Ihre personenbezogenen Daten werden vertraulich und entsprechend der gesetzlichen Datenschutzvorschriften sowie dieser Datenschutzerkl\u00e4rung behandelt.<\/p><h4 data-start=\"1973\" data-end=\"2007\">Widerruf Ihrer Einwilligung<\/h4><p data-start=\"2008\" data-end=\"2225\">Viele Datenverarbeitungsvorg\u00e4nge sind nur mit Ihrer ausdr\u00fccklichen Einwilligung m\u00f6glich.<br data-start=\"2096\" data-end=\"2099\" \/>Sie k\u00f6nnen eine bereits erteilte Einwilligung jederzeit widerrufen.<br data-start=\"2166\" data-end=\"2169\" \/>Dazu reicht eine formlose Mitteilung per E-Mail an mich.<\/p><h4 data-start=\"2227\" data-end=\"2286\">Beschwerderecht bei der zust\u00e4ndigen Aufsichtsbeh\u00f6rde<\/h4><p data-start=\"2287\" data-end=\"2500\">Im Falle datenschutzrechtlicher Verst\u00f6\u00dfe steht der betroffenen Person ein Beschwerderecht bei der zust\u00e4ndigen Aufsichtsbeh\u00f6rde zu.<br data-start=\"2417\" data-end=\"2420\" \/>Zust\u00e4ndig ist der Landesdatenschutzbeauftragte des Bundeslandes Rheinland-Pfalz.<\/p><hr data-start=\"2502\" data-end=\"2505\" \/><h3 data-start=\"2507\" data-end=\"2547\">5. Datenerfassung auf dieser Website<\/h3><h4 data-start=\"2549\" data-end=\"2574\">Server-Log-Dateien<\/h4><p data-start=\"2575\" data-end=\"2747\">Der Provider der Seiten erhebt und speichert automatisch Informationen in sogenannten Server-Log-Dateien, die Ihr Browser automatisch \u00fcbermittelt.<br data-start=\"2721\" data-end=\"2724\" \/>Dies sind insbesondere:<\/p><ul data-start=\"2749\" data-end=\"2914\"><li data-start=\"2749\" data-end=\"2782\"><p data-start=\"2751\" data-end=\"2782\">Browsertyp und Browserversion<\/p><\/li><li data-start=\"2783\" data-end=\"2813\"><p data-start=\"2785\" data-end=\"2813\">verwendetes Betriebssystem<\/p><\/li><li data-start=\"2814\" data-end=\"2830\"><p data-start=\"2816\" data-end=\"2830\">Referrer URL<\/p><\/li><li data-start=\"2831\" data-end=\"2869\"><p data-start=\"2833\" data-end=\"2869\">Hostname des zugreifenden Rechners<\/p><\/li><li data-start=\"2870\" data-end=\"2899\"><p data-start=\"2872\" data-end=\"2899\">Uhrzeit der Serveranfrage<\/p><\/li><li data-start=\"2900\" data-end=\"2914\"><p data-start=\"2902\" data-end=\"2914\">IP-Adresse<\/p><\/li><\/ul><p data-start=\"2916\" data-end=\"2998\">Eine Zusammenf\u00fchrung dieser Daten mit anderen Datenquellen wird nicht vorgenommen.<\/p><p data-start=\"3000\" data-end=\"3080\">Die Erfassung dieser Daten erfolgt auf Grundlage von Art. 6 Abs. 1 lit. f DSGVO.<\/p><hr data-start=\"3082\" data-end=\"3085\" \/><h3 data-start=\"3087\" data-end=\"3101\">6. Cookies<\/h3><p data-start=\"3103\" data-end=\"3243\">Diese Website verwendet Cookies.<br data-start=\"3135\" data-end=\"3138\" \/>Cookies sind kleine Textdateien, die auf Ihrem Endger\u00e4t gespeichert werden und die Ihr Browser speichert.<\/p><p data-start=\"3245\" data-end=\"3494\">Cookies k\u00f6nnen technisch notwendig sein oder zur Analyse des Nutzerverhaltens dienen.<br data-start=\"3330\" data-end=\"3333\" \/>Soweit Cookies zur Analyse oder zu Marketingzwecken eingesetzt werden, erfolgt dies ausschlie\u00dflich auf Grundlage Ihrer Einwilligung (Art. 6 Abs. 1 lit. a DSGVO).<\/p><p data-start=\"3496\" data-end=\"3576\">Sie k\u00f6nnen Ihre Einwilligung jederzeit \u00fcber die Cookie-Einstellungen widerrufen.<\/p><hr data-start=\"3578\" data-end=\"3581\" \/><h3 data-start=\"3583\" data-end=\"3606\">7. Google Analytics<\/h3><p data-start=\"3608\" data-end=\"3743\">Diese Website nutzt Google Analytics, einen Webanalysedienst der Google Ireland Limited, Gordon House, Barrow Street, Dublin 4, Irland.<\/p><p data-start=\"3745\" data-end=\"4001\">Google Analytics verwendet Cookies, die eine Analyse Ihrer Benutzung der Website erm\u00f6glichen.<br data-start=\"3838\" data-end=\"3841\" \/>Die durch die Cookies erzeugten Informationen \u00fcber Ihre Benutzung dieser Website werden in der Regel an einen Server von Google \u00fcbertragen und dort gespeichert.<\/p><p data-start=\"4003\" data-end=\"4125\">Die Nutzung von Google Analytics erfolgt ausschlie\u00dflich auf Grundlage Ihrer Einwilligung gem\u00e4\u00df Art. 6 Abs. 1 lit. a DSGVO.<\/p><p data-start=\"4127\" data-end=\"4262\">IP-Anonymisierung ist auf dieser Website aktiviert.<br data-start=\"4178\" data-end=\"4181\" \/>Dadurch wird Ihre IP-Adresse von Google innerhalb der Europ\u00e4ischen Union gek\u00fcrzt.<\/p><h4 data-start=\"117\" data-end=\"141\"><strong data-start=\"117\" data-end=\"141\">7.1 Google reCAPTCHA<\/strong><\/h4><p data-start=\"143\" data-end=\"301\">Wir verwenden auf unserer Website den Dienst <strong data-start=\"188\" data-end=\"201\">reCAPTCHA<\/strong> des Anbieters <span class=\"hover:entity-accent entity-underline inline cursor-pointer align-baseline\"><span class=\"whitespace-normal\">Google Ireland Limited<\/span><\/span>, Gordon House, Barrow Street, Dublin 4, Irland.<\/p><p data-start=\"303\" data-end=\"575\">Mit reCAPTCHA soll \u00fcberpr\u00fcft werden, ob die Dateneingabe auf dieser Website (z. B. in einem Kontaktformular) durch einen Menschen oder durch ein automatisiertes Programm erfolgt. Hierzu analysiert reCAPTCHA das Verhalten des Websitebesuchers anhand verschiedener Merkmale.<\/p><p data-start=\"577\" data-end=\"872\">Diese Analyse beginnt automatisch, sobald der Besucher die Website betritt. Zur Analyse wertet reCAPTCHA verschiedene Informationen aus (z. B. IP-Adresse, Verweildauer auf der Website oder vom Nutzer get\u00e4tigte Mausbewegungen). Die bei der Analyse erfassten Daten werden an Google weitergeleitet.<\/p><p data-start=\"874\" data-end=\"1104\">Die Nutzung von reCAPTCHA erfolgt auf Grundlage von Art. 6 Abs. 1 lit. f DSGVO. Der Websitebetreiber hat ein berechtigtes Interesse daran, seine Webangebote vor missbr\u00e4uchlicher automatisierter Aussp\u00e4hung und vor SPAM zu sch\u00fctzen.<\/p><p data-start=\"1106\" data-end=\"1435\">Soweit eine entsprechende Einwilligung abgefragt wurde, erfolgt die Verarbeitung ausschlie\u00dflich auf Grundlage von Art. 6 Abs. 1 lit. a DSGVO sowie \u00a7 25 Abs. 1 TTDSG, soweit die Einwilligung die Speicherung von Cookies oder den Zugriff auf Informationen im Endger\u00e4t des Nutzers umfasst. Die Einwilligung ist jederzeit widerrufbar.<\/p><p data-start=\"1437\" data-end=\"1576\">Weitere Informationen zu Google reCAPTCHA sowie die Datenschutzerkl\u00e4rung von Google finden Sie unter:<br data-start=\"1538\" data-end=\"1541\" \/><a class=\"decorated-link\" href=\"https:\/\/policies.google.com\/privacy\" target=\"_new\" rel=\"noopener\" data-start=\"1541\" data-end=\"1576\">https:\/\/policies.google.com\/privacy<\/a><\/p><hr data-start=\"4264\" data-end=\"4267\" \/><h3 data-start=\"4269\" data-end=\"4286\">8. Google Ads<\/h3><p data-start=\"4288\" data-end=\"4429\">Diese Website nutzt Google Ads.<br data-start=\"4319\" data-end=\"4322\" \/>Google Ads erm\u00f6glicht es mir, Werbeanzeigen in der Google-Suchmaschine oder auf Drittwebsites auszuspielen.<\/p><p data-start=\"4431\" data-end=\"4547\">Im Rahmen von Google Ads k\u00f6nnen Cookies gesetzt werden, die eine Analyse des Erfolgs von Werbema\u00dfnahmen erm\u00f6glichen.<\/p><p data-start=\"4549\" data-end=\"4665\">Die Nutzung von Google Ads erfolgt ausschlie\u00dflich auf Grundlage Ihrer Einwilligung gem\u00e4\u00df Art. 6 Abs. 1 lit. a DSGVO.<\/p><hr data-start=\"4667\" data-end=\"4670\" \/><h3 data-start=\"4672\" data-end=\"4699\">9. Social Media Buttons<\/h3><p data-start=\"4701\" data-end=\"4783\">Auf dieser Website sind Schaltfl\u00e4chen zu sozialen Netzwerken integriert, darunter:<\/p><ul data-start=\"4785\" data-end=\"4833\"><li data-start=\"4785\" data-end=\"4797\"><p data-start=\"4787\" data-end=\"4797\">Facebook<\/p><\/li><li data-start=\"4798\" data-end=\"4811\"><p data-start=\"4800\" data-end=\"4811\">Instagram<\/p><\/li><li data-start=\"4812\" data-end=\"4833\"><p data-start=\"4814\" data-end=\"4833\">X (ehemals Twitter)<\/p><\/li><\/ul><p data-start=\"4835\" data-end=\"5109\">Die Social-Media-Buttons sind so eingebunden, dass beim blo\u00dfen Besuch der Website keine Daten an die jeweiligen Anbieter \u00fcbertragen werden.<br data-start=\"4974\" data-end=\"4977\" \/>Erst wenn Sie aktiv auf einen Social-Media-Button klicken, wird eine Verbindung zu den Servern des jeweiligen Anbieters hergestellt.<\/p><p data-start=\"5111\" data-end=\"5193\">Dabei k\u00f6nnen personenbezogene Daten an den jeweiligen Anbieter \u00fcbermittelt werden.<\/p><p data-start=\"5195\" data-end=\"5309\">Die Nutzung erfolgt auf Grundlage von Art. 6 Abs. 1 lit. a DSGVO, sofern eine entsprechende Einwilligung vorliegt.<\/p><hr data-start=\"5311\" data-end=\"5314\" \/><h3 data-start=\"5316\" data-end=\"5350\">10. Kontaktaufnahme per E-Mail<\/h3><p data-start=\"5352\" data-end=\"5548\">Wenn Sie mich per E-Mail kontaktieren, werden Ihre Angaben inklusive der von Ihnen angegebenen Kontaktdaten zum Zwecke der Bearbeitung der Anfrage und f\u00fcr den Fall von Anschlussfragen gespeichert.<\/p><p data-start=\"5550\" data-end=\"5607\">Diese Daten gebe ich nicht ohne Ihre Einwilligung weiter.<\/p><p data-start=\"5609\" data-end=\"5689\">Die Verarbeitung der Daten erfolgt auf Grundlage von Art. 6 Abs. 1 lit. b DSGVO.<\/p><hr data-start=\"5691\" data-end=\"5694\" \/><h3 data-start=\"5696\" data-end=\"5717\">11. Speicherdauer<\/h3><p data-start=\"5719\" data-end=\"5884\">Personenbezogene Daten werden nur so lange gespeichert, wie dies zur Erf\u00fcllung der jeweiligen Zwecke erforderlich ist oder gesetzliche Aufbewahrungsfristen bestehen.<\/p><hr data-start=\"5886\" data-end=\"5889\" \/><h3 data-start=\"5891\" data-end=\"5910\">12. Ihre Rechte<\/h3><p data-start=\"5912\" data-end=\"5942\">Sie haben jederzeit das Recht:<\/p><ul data-start=\"5944\" data-end=\"6238\"><li data-start=\"5944\" data-end=\"6016\"><p data-start=\"5946\" data-end=\"6016\">Auskunft \u00fcber Ihre gespeicherten personenbezogenen Daten zu erhalten<\/p><\/li><li data-start=\"6017\" data-end=\"6064\"><p data-start=\"6019\" data-end=\"6064\">Berichtigung unrichtiger Daten zu verlangen<\/p><\/li><li data-start=\"6065\" data-end=\"6102\"><p data-start=\"6067\" data-end=\"6102\">L\u00f6schung Ihrer Daten zu verlangen<\/p><\/li><li data-start=\"6103\" data-end=\"6150\"><p data-start=\"6105\" data-end=\"6150\">Einschr\u00e4nkung der Verarbeitung zu verlangen<\/p><\/li><li data-start=\"6151\" data-end=\"6200\"><p data-start=\"6153\" data-end=\"6200\">Widerspruch gegen die Verarbeitung einzulegen<\/p><\/li><li data-start=\"6201\" data-end=\"6238\"><p data-start=\"6203\" data-end=\"6238\">Daten\u00fcbertragbarkeit zu verlangen<\/p><\/li><\/ul><p data-start=\"6240\" data-end=\"6329\">Hierzu sowie zu weiteren Fragen zum Datenschutz k\u00f6nnen Sie sich jederzeit an mich wenden.<\/p><hr data-start=\"6331\" data-end=\"6334\" \/><h3 data-start=\"6336\" data-end=\"6380\">13. \u00c4nderung dieser Datenschutzerkl\u00e4rung<\/h3><p data-start=\"6382\" data-end=\"6529\">Ich behalte mir vor, diese Datenschutzerkl\u00e4rung anzupassen, um sie an aktuelle rechtliche Anforderungen oder \u00c4nderungen meines Angebots anzupassen.<\/p>\t\t\t\t\t\t\t\t<\/div>\n\t\t\t\t<\/div>\n\t\t\t\t\t<\/div>\n\t\t\t\t<\/div>\n\t\t\t\t<\/div>","protected":false},"excerpt":{"rendered":"<p>1. Datenschutz auf einen Blick Allgemeine Hinweise Die folgenden Hinweise geben einen einfachen \u00dcberblick dar\u00fcber, was mit Ihren personenbezogenen Daten passiert, wenn Sie diese Website besuchen.Personenbezogene Daten sind alle Daten, mit denen Sie pers\u00f6nlich identifiziert werden k\u00f6nnen. Datenerfassung auf dieser Website Die Datenverarbeitung auf dieser Website erfolgt durch den Websitebetreiber.Die Kontaktdaten k\u00f6nnen Sie dem Impressum [&hellip;]<\/p>\n","protected":false},"author":1,"featured_media":0,"parent":0,"menu_order":0,"comment_status":"closed","ping_status":"closed","template":"","meta":{"_acf_changed":false,"footnotes":""},"class_list":["post-1195","page","type-page","status-publish","hentry"],"acf":[],"yoast_head":"<!-- This site is optimized with the Yoast SEO plugin v27.0 - https:\/\/yoast.com\/product\/yoast-seo-wordpress\/ -->\n<title>Datenschutzerkl\u00e4rung | My Pixel Forge<\/title>\n<meta name=\"robots\" content=\"noindex, nofollow\" \/>\n<meta property=\"og:locale\" content=\"en_US\" \/>\n<meta property=\"og:type\" content=\"article\" \/>\n<meta property=\"og:title\" content=\"Datenschutzerkl\u00e4rung | My Pixel Forge\" \/>\n<meta property=\"og:description\" content=\"1. Datenschutz auf einen Blick Allgemeine Hinweise Die folgenden Hinweise geben einen einfachen \u00dcberblick dar\u00fcber, was mit Ihren personenbezogenen Daten passiert, wenn Sie diese Website besuchen.Personenbezogene Daten sind alle Daten, mit denen Sie pers\u00f6nlich identifiziert werden k\u00f6nnen. Datenerfassung auf dieser Website Die Datenverarbeitung auf dieser Website erfolgt durch den Websitebetreiber.Die Kontaktdaten k\u00f6nnen Sie dem Impressum [&hellip;]\" \/>\n<meta property=\"og:url\" content=\"https:\/\/www.mypixelforge.com\/en\/datenschutzerklarung\/\" \/>\n<meta property=\"og:site_name\" content=\"My Pixel Forge\" \/>\n<meta property=\"article:modified_time\" content=\"2026-04-16T14:15:33+00:00\" \/>\n<meta name=\"twitter:card\" content=\"summary_large_image\" \/>\n<meta name=\"twitter:label1\" content=\"Est. reading time\" \/>\n\t<meta name=\"twitter:data1\" content=\"6 minutes\" \/>\n<script type=\"application\/ld+json\" class=\"yoast-schema-graph\">{\"@context\":\"https:\/\/schema.org\",\"@graph\":[{\"@type\":\"WebPage\",\"@id\":\"https:\/\/www.mypixelforge.com\/datenschutzerklarung\/\",\"url\":\"https:\/\/www.mypixelforge.com\/datenschutzerklarung\/\",\"name\":\"Datenschutzerkl\u00e4rung | My Pixel Forge\",\"isPartOf\":{\"@id\":\"https:\/\/www.mypixelforge.com\/#website\"},\"datePublished\":\"2026-01-02T08:39:37+00:00\",\"dateModified\":\"2026-04-16T14:15:33+00:00\",\"breadcrumb\":{\"@id\":\"https:\/\/www.mypixelforge.com\/datenschutzerklarung\/#breadcrumb\"},\"inLanguage\":\"en-US\",\"potentialAction\":[{\"@type\":\"ReadAction\",\"target\":[\"https:\/\/www.mypixelforge.com\/datenschutzerklarung\/\"]}]},{\"@type\":\"BreadcrumbList\",\"@id\":\"https:\/\/www.mypixelforge.com\/datenschutzerklarung\/#breadcrumb\",\"itemListElement\":[{\"@type\":\"ListItem\",\"position\":1,\"name\":\"Home\",\"item\":\"https:\/\/www.mypixelforge.com\/\"},{\"@type\":\"ListItem\",\"position\":2,\"name\":\"Datenschutzerkl\u00e4rung\"}]},{\"@type\":\"WebSite\",\"@id\":\"https:\/\/www.mypixelforge.com\/#website\",\"url\":\"https:\/\/www.mypixelforge.com\/\",\"name\":\"My Pixel Forge\",\"description\":\"Webdesign &amp; WordPress Entwicklung f\u00fcr Unternehmen\",\"publisher\":{\"@id\":\"https:\/\/www.mypixelforge.com\/#\/schema\/person\/738cbd5759970e4df77ba5085fb31581\"},\"potentialAction\":[{\"@type\":\"SearchAction\",\"target\":{\"@type\":\"EntryPoint\",\"urlTemplate\":\"https:\/\/www.mypixelforge.com\/?s={search_term_string}\"},\"query-input\":{\"@type\":\"PropertyValueSpecification\",\"valueRequired\":true,\"valueName\":\"search_term_string\"}}],\"inLanguage\":\"en-US\"},{\"@type\":[\"Person\",\"Organization\"],\"@id\":\"https:\/\/www.mypixelforge.com\/#\/schema\/person\/738cbd5759970e4df77ba5085fb31581\",\"name\":\"Jan Werle\",\"image\":{\"@type\":\"ImageObject\",\"inLanguage\":\"en-US\",\"@id\":\"https:\/\/www.mypixelforge.com\/#\/schema\/person\/image\/\",\"url\":\"https:\/\/www.mypixelforge.com\/wp-content\/uploads\/2026\/01\/okinawa-profil-neu.png\",\"contentUrl\":\"https:\/\/www.mypixelforge.com\/wp-content\/uploads\/2026\/01\/okinawa-profil-neu.png\",\"width\":1024,\"height\":1024,\"caption\":\"Jan Werle\"},\"logo\":{\"@id\":\"https:\/\/www.mypixelforge.com\/#\/schema\/person\/image\/\"},\"description\":\"Jan Werle ist Webdesigner und WordPress Entwickler aus Deutschland und der Gr\u00fcnder von My Pixel Forge. Er spezialisiert sich auf moderne Business-Websites mit Elementor, WordPress Optimierung und SEO.\",\"sameAs\":[\"https:\/\/www.mypixelforge.com\"]}]}<\/script>\n<!-- \/ Yoast SEO plugin. -->","yoast_head_json":{"title":"Datenschutzerkl\u00e4rung | My Pixel Forge","robots":{"index":"noindex","follow":"nofollow"},"og_locale":"en_US","og_type":"article","og_title":"Datenschutzerkl\u00e4rung | My Pixel Forge","og_description":"1. Datenschutz auf einen Blick Allgemeine Hinweise Die folgenden Hinweise geben einen einfachen \u00dcberblick dar\u00fcber, was mit Ihren personenbezogenen Daten passiert, wenn Sie diese Website besuchen.Personenbezogene Daten sind alle Daten, mit denen Sie pers\u00f6nlich identifiziert werden k\u00f6nnen. Datenerfassung auf dieser Website Die Datenverarbeitung auf dieser Website erfolgt durch den Websitebetreiber.Die Kontaktdaten k\u00f6nnen Sie dem Impressum [&hellip;]","og_url":"https:\/\/www.mypixelforge.com\/en\/datenschutzerklarung\/","og_site_name":"My Pixel Forge","article_modified_time":"2026-04-16T14:15:33+00:00","twitter_card":"summary_large_image","twitter_misc":{"Est. reading time":"6 minutes"},"schema":{"@context":"https:\/\/schema.org","@graph":[{"@type":"WebPage","@id":"https:\/\/www.mypixelforge.com\/datenschutzerklarung\/","url":"https:\/\/www.mypixelforge.com\/datenschutzerklarung\/","name":"Datenschutzerkl\u00e4rung | My Pixel Forge","isPartOf":{"@id":"https:\/\/www.mypixelforge.com\/#website"},"datePublished":"2026-01-02T08:39:37+00:00","dateModified":"2026-04-16T14:15:33+00:00","breadcrumb":{"@id":"https:\/\/www.mypixelforge.com\/datenschutzerklarung\/#breadcrumb"},"inLanguage":"en-US","potentialAction":[{"@type":"ReadAction","target":["https:\/\/www.mypixelforge.com\/datenschutzerklarung\/"]}]},{"@type":"BreadcrumbList","@id":"https:\/\/www.mypixelforge.com\/datenschutzerklarung\/#breadcrumb","itemListElement":[{"@type":"ListItem","position":1,"name":"Home","item":"https:\/\/www.mypixelforge.com\/"},{"@type":"ListItem","position":2,"name":"Datenschutzerkl\u00e4rung"}]},{"@type":"WebSite","@id":"https:\/\/www.mypixelforge.com\/#website","url":"https:\/\/www.mypixelforge.com\/","name":"My Pixel Forge","description":"Webdesign &amp; WordPress Entwicklung f\u00fcr Unternehmen","publisher":{"@id":"https:\/\/www.mypixelforge.com\/#\/schema\/person\/738cbd5759970e4df77ba5085fb31581"},"potentialAction":[{"@type":"SearchAction","target":{"@type":"EntryPoint","urlTemplate":"https:\/\/www.mypixelforge.com\/?s={search_term_string}"},"query-input":{"@type":"PropertyValueSpecification","valueRequired":true,"valueName":"search_term_string"}}],"inLanguage":"en-US"},{"@type":["Person","Organization"],"@id":"https:\/\/www.mypixelforge.com\/#\/schema\/person\/738cbd5759970e4df77ba5085fb31581","name":"Jan Werle","image":{"@type":"ImageObject","inLanguage":"en-US","@id":"https:\/\/www.mypixelforge.com\/#\/schema\/person\/image\/","url":"https:\/\/www.mypixelforge.com\/wp-content\/uploads\/2026\/01\/okinawa-profil-neu.png","contentUrl":"https:\/\/www.mypixelforge.com\/wp-content\/uploads\/2026\/01\/okinawa-profil-neu.png","width":1024,"height":1024,"caption":"Jan Werle"},"logo":{"@id":"https:\/\/www.mypixelforge.com\/#\/schema\/person\/image\/"},"description":"Jan Werle ist Webdesigner und WordPress Entwickler aus Deutschland und der Gr\u00fcnder von My Pixel Forge. Er spezialisiert sich auf moderne Business-Websites mit Elementor, WordPress Optimierung und SEO.","sameAs":["https:\/\/www.mypixelforge.com"]}]}},"_links":{"self":[{"href":"https:\/\/www.mypixelforge.com\/en\/wp-json\/wp\/v2\/pages\/1195","targetHints":{"allow":["GET"]}}],"collection":[{"href":"https:\/\/www.mypixelforge.com\/en\/wp-json\/wp\/v2\/pages"}],"about":[{"href":"https:\/\/www.mypixelforge.com\/en\/wp-json\/wp\/v2\/types\/page"}],"author":[{"embeddable":true,"href":"https:\/\/www.mypixelforge.com\/en\/wp-json\/wp\/v2\/users\/1"}],"replies":[{"embeddable":true,"href":"https:\/\/www.mypixelforge.com\/en\/wp-json\/wp\/v2\/comments?post=1195"}],"version-history":[{"count":28,"href":"https:\/\/www.mypixelforge.com\/en\/wp-json\/wp\/v2\/pages\/1195\/revisions"}],"predecessor-version":[{"id":1722,"href":"https:\/\/www.mypixelforge.com\/en\/wp-json\/wp\/v2\/pages\/1195\/revisions\/1722"}],"wp:attachment":[{"href":"https:\/\/www.mypixelforge.com\/en\/wp-json\/wp\/v2\/media?parent=1195"}],"curies":[{"name":"wp","href":"https:\/\/api.w.org\/{rel}","templated":true}]}}